{"id":12613,"date":"2021-01-27T13:02:05","date_gmt":"2021-01-27T13:02:05","guid":{"rendered":"https:\/\/demo.goodlayers.com\/corzo\/consult\/?page_id=12613"},"modified":"2024-02-21T15:00:21","modified_gmt":"2024-02-21T14:00:21","slug":"accuei","status":"publish","type":"page","link":"https:\/\/asco-admin.fr\/","title":{"rendered":"Accueil"},"content":{"rendered":"","protected":false},"excerpt":{"rendered":"","protected":false},"author":1,"featured_media":0,"parent":0,"menu_order":0,"comment_status":"closed","ping_status":"closed","template":"","meta":{"footnotes":""},"class_list":["post-12613","page","type-page","status-publish","hentry"],"yoast_head":"<!-- This site is optimized with the Yoast SEO plugin v21.9.1 - https:\/\/yoast.com\/wordpress\/plugins\/seo\/ -->\n<title>Asco Admin - Gestion Administrative et Financi\u00e8re \u00e0 Dijon<\/title>\n<meta name=\"description\" content=\"Services de Gestion Administrative et Financi\u00e8re Sp\u00e9cialis\u00e9s pour PME, TPE et Autoentrepreneurs. Expertise sp\u00e9cialis\u00e9e et personnalis\u00e9e.\" \/>\n<meta name=\"robots\" content=\"index, follow, max-snippet:-1, max-image-preview:large, max-video-preview:-1\" \/>\n<link rel=\"canonical\" href=\"https:\/\/asco-admin.fr\/\" \/>\n<meta property=\"og:locale\" content=\"fr_FR\" \/>\n<meta property=\"og:type\" content=\"article\" \/>\n<meta property=\"og:title\" content=\"Asco Admin - Gestion Administrative et Financi\u00e8re \u00e0 Dijon\" \/>\n<meta property=\"og:description\" content=\"Services de Gestion Administrative et Financi\u00e8re Sp\u00e9cialis\u00e9s pour PME, TPE et Autoentrepreneurs. Expertise sp\u00e9cialis\u00e9e et personnalis\u00e9e.\" \/>\n<meta property=\"og:url\" content=\"https:\/\/asco-admin.fr\/\" \/>\n<meta property=\"og:site_name\" content=\"Asco Admin\" \/>\n<meta property=\"article:modified_time\" content=\"2024-02-21T14:00:21+00:00\" \/>\n<meta name=\"twitter:card\" content=\"summary_large_image\" \/>\n<meta name=\"twitter:label1\" content=\"Dur\u00e9e de lecture estim\u00e9e\" \/>\n\t<meta name=\"twitter:data1\" content=\"4 minutes\" \/>\n<script type=\"application\/ld+json\" class=\"yoast-schema-graph\">{\"@context\":\"https:\/\/schema.org\",\"@graph\":[{\"@type\":\"WebPage\",\"@id\":\"https:\/\/asco-admin.fr\/\",\"url\":\"https:\/\/asco-admin.fr\/\",\"name\":\"Asco Admin - Gestion Administrative et Financi\u00e8re \u00e0 Dijon\",\"isPartOf\":{\"@id\":\"https:\/\/asco-admin.fr\/#website\"},\"datePublished\":\"2021-01-27T13:02:05+00:00\",\"dateModified\":\"2024-02-21T14:00:21+00:00\",\"description\":\"Services de Gestion Administrative et Financi\u00e8re Sp\u00e9cialis\u00e9s pour PME, TPE et Autoentrepreneurs. Expertise sp\u00e9cialis\u00e9e et personnalis\u00e9e.\",\"breadcrumb\":{\"@id\":\"https:\/\/asco-admin.fr\/#breadcrumb\"},\"inLanguage\":\"fr-FR\",\"potentialAction\":[{\"@type\":\"ReadAction\",\"target\":[\"https:\/\/asco-admin.fr\/\"]}]},{\"@type\":\"BreadcrumbList\",\"@id\":\"https:\/\/asco-admin.fr\/#breadcrumb\",\"itemListElement\":[{\"@type\":\"ListItem\",\"position\":1,\"name\":\"Accueil\",\"item\":\"https:\/\/asco-admin.fr\/\"},{\"@type\":\"ListItem\",\"position\":2,\"name\":\"Accueil\"}]},{\"@type\":\"WebSite\",\"@id\":\"https:\/\/asco-admin.fr\/#website\",\"url\":\"https:\/\/asco-admin.fr\/\",\"name\":\"Asco Admin\",\"description\":\"\",\"publisher\":{\"@id\":\"https:\/\/asco-admin.fr\/#organization\"},\"potentialAction\":[{\"@type\":\"SearchAction\",\"target\":{\"@type\":\"EntryPoint\",\"urlTemplate\":\"https:\/\/asco-admin.fr\/?s={search_term_string}\"},\"query-input\":\"required name=search_term_string\"}],\"inLanguage\":\"fr-FR\"},{\"@type\":\"Organization\",\"@id\":\"https:\/\/asco-admin.fr\/#organization\",\"name\":\"Asco Admin\",\"url\":\"https:\/\/asco-admin.fr\/\",\"logo\":{\"@type\":\"ImageObject\",\"inLanguage\":\"fr-FR\",\"@id\":\"https:\/\/asco-admin.fr\/#\/schema\/logo\/image\/\",\"url\":\"https:\/\/asco-admin.fr\/wp-content\/uploads\/2023\/12\/iconasco.png\",\"contentUrl\":\"https:\/\/asco-admin.fr\/wp-content\/uploads\/2023\/12\/iconasco.png\",\"width\":387,\"height\":379,\"caption\":\"Asco Admin\"},\"image\":{\"@id\":\"https:\/\/asco-admin.fr\/#\/schema\/logo\/image\/\"}}]}<\/script>\n<!-- \/ Yoast SEO plugin. -->","yoast_head_json":{"title":"Asco Admin - Gestion Administrative et Financi\u00e8re \u00e0 Dijon","description":"Services de Gestion Administrative et Financi\u00e8re Sp\u00e9cialis\u00e9s pour PME, TPE et Autoentrepreneurs. Expertise sp\u00e9cialis\u00e9e et personnalis\u00e9e.","robots":{"index":"index","follow":"follow","max-snippet":"max-snippet:-1","max-image-preview":"max-image-preview:large","max-video-preview":"max-video-preview:-1"},"canonical":"https:\/\/asco-admin.fr\/","og_locale":"fr_FR","og_type":"article","og_title":"Asco Admin - Gestion Administrative et Financi\u00e8re \u00e0 Dijon","og_description":"Services de Gestion Administrative et Financi\u00e8re Sp\u00e9cialis\u00e9s pour PME, TPE et Autoentrepreneurs. Expertise sp\u00e9cialis\u00e9e et personnalis\u00e9e.","og_url":"https:\/\/asco-admin.fr\/","og_site_name":"Asco Admin","article_modified_time":"2024-02-21T14:00:21+00:00","twitter_card":"summary_large_image","twitter_misc":{"Dur\u00e9e de lecture estim\u00e9e":"4 minutes"},"schema":{"@context":"https:\/\/schema.org","@graph":[{"@type":"WebPage","@id":"https:\/\/asco-admin.fr\/","url":"https:\/\/asco-admin.fr\/","name":"Asco Admin - Gestion Administrative et Financi\u00e8re \u00e0 Dijon","isPartOf":{"@id":"https:\/\/asco-admin.fr\/#website"},"datePublished":"2021-01-27T13:02:05+00:00","dateModified":"2024-02-21T14:00:21+00:00","description":"Services de Gestion Administrative et Financi\u00e8re Sp\u00e9cialis\u00e9s pour PME, TPE et Autoentrepreneurs. Expertise sp\u00e9cialis\u00e9e et personnalis\u00e9e.","breadcrumb":{"@id":"https:\/\/asco-admin.fr\/#breadcrumb"},"inLanguage":"fr-FR","potentialAction":[{"@type":"ReadAction","target":["https:\/\/asco-admin.fr\/"]}]},{"@type":"BreadcrumbList","@id":"https:\/\/asco-admin.fr\/#breadcrumb","itemListElement":[{"@type":"ListItem","position":1,"name":"Accueil","item":"https:\/\/asco-admin.fr\/"},{"@type":"ListItem","position":2,"name":"Accueil"}]},{"@type":"WebSite","@id":"https:\/\/asco-admin.fr\/#website","url":"https:\/\/asco-admin.fr\/","name":"Asco Admin","description":"","publisher":{"@id":"https:\/\/asco-admin.fr\/#organization"},"potentialAction":[{"@type":"SearchAction","target":{"@type":"EntryPoint","urlTemplate":"https:\/\/asco-admin.fr\/?s={search_term_string}"},"query-input":"required name=search_term_string"}],"inLanguage":"fr-FR"},{"@type":"Organization","@id":"https:\/\/asco-admin.fr\/#organization","name":"Asco Admin","url":"https:\/\/asco-admin.fr\/","logo":{"@type":"ImageObject","inLanguage":"fr-FR","@id":"https:\/\/asco-admin.fr\/#\/schema\/logo\/image\/","url":"https:\/\/asco-admin.fr\/wp-content\/uploads\/2023\/12\/iconasco.png","contentUrl":"https:\/\/asco-admin.fr\/wp-content\/uploads\/2023\/12\/iconasco.png","width":387,"height":379,"caption":"Asco Admin"},"image":{"@id":"https:\/\/asco-admin.fr\/#\/schema\/logo\/image\/"}}]}},"_links":{"self":[{"href":"https:\/\/asco-admin.fr\/index.php?rest_route=\/wp\/v2\/pages\/12613","targetHints":{"allow":["GET"]}}],"collection":[{"href":"https:\/\/asco-admin.fr\/index.php?rest_route=\/wp\/v2\/pages"}],"about":[{"href":"https:\/\/asco-admin.fr\/index.php?rest_route=\/wp\/v2\/types\/page"}],"author":[{"embeddable":true,"href":"https:\/\/asco-admin.fr\/index.php?rest_route=\/wp\/v2\/users\/1"}],"replies":[{"embeddable":true,"href":"https:\/\/asco-admin.fr\/index.php?rest_route=%2Fwp%2Fv2%2Fcomments&post=12613"}],"version-history":[{"count":4,"href":"https:\/\/asco-admin.fr\/index.php?rest_route=\/wp\/v2\/pages\/12613\/revisions"}],"predecessor-version":[{"id":13506,"href":"https:\/\/asco-admin.fr\/index.php?rest_route=\/wp\/v2\/pages\/12613\/revisions\/13506"}],"wp:attachment":[{"href":"https:\/\/asco-admin.fr\/index.php?rest_route=%2Fwp%2Fv2%2Fmedia&parent=12613"}],"curies":[{"name":"wp","href":"https:\/\/api.w.org\/{rel}","templated":true}]}}